{"id":2228,"date":"2025-02-02T14:28:56","date_gmt":"2025-02-02T13:28:56","guid":{"rendered":"https:\/\/www.opremi-delavnico.si\/?post_type=product&#038;p=2228"},"modified":"2025-10-10T14:15:08","modified_gmt":"2025-10-10T12:15:08","slug":"montirka-ligro-gt","status":"publish","type":"product","link":"https:\/\/www.opremi-delavnico.si\/?product=montirka-ligro-gt","title":{"rendered":"Montirka Ligro GT"},"content":{"rendered":"<p><span style=\"color: #515151;\">LIGRO GT<\/span><br style=\"color: #515151;\" \/><span style=\"color: #515151;\">-Avtomatski montirni stroj za osebna in poltovorna vozila za pnevmatike z nizkim profilom in Run Flat pnevmatike<\/span><br style=\"color: #515151;\" \/><span style=\"color: #515151;\">&#8211; Vpenjanje plati\u0161\u010d 10\u201d do 26\u201d <\/span><br style=\"color: #515151;\" \/><span style=\"color: #515151;\">&#8211; Nova tehnologija \u00ab NO LEVER \u00bb (avtomatsko dvigne rob pnevmatike \u010dez roko)<\/span><br style=\"color: #515151;\" \/><span style=\"color: #515151;\">-Ro\u010dna regulacija vpenjanja za 24\u201d to 26\u201d <\/span><br style=\"color: #515151;\" \/><span style=\"color: #515151;\">&#8211; Variabilna hitrost vrtenja, kontrola preko pedala, 2 hitrosti <\/span><br style=\"color: #515151;\" \/><span style=\"color: #515151;\">&#8211; Pnevmatsko vpenjanje plati\u0161\u010d, kontrola preko pedala <\/span><br style=\"color: #515151;\" \/><span style=\"color: #515151;\">&#8211; Simultano pnevmatsko vpetje za glavo in pomi\u010dno roko <\/span><br style=\"color: #515151;\" \/><span style=\"color: #515151;\">&#8211; Premikanje glave s sistemom \u00ab NO LEVER \u00bb je pnevmatsko <\/span><br style=\"color: #515151;\" \/><span style=\"color: #515151;\">&#8211; Avtomatska glava \u00ab NO LEVER \u00bb je opremljena z plasti\u010dno za\u0161\u010dito <\/span><br style=\"color: #515151;\" \/><span style=\"color: #515151;\">&#8211; Roka za stiskanje pnevmatik iz nerjave\u010dega jekla <\/span><br style=\"color: #515151;\" \/><span style=\"color: #515151;\">&#8211; Premi\u010dna to\u010dka stiskanja pnevmatik <\/span><br style=\"color: #515151;\" \/><span style=\"color: #515151;\">&#8211; Opremljeno z napravo za polnjenje tubless pnevmatik <\/span><br style=\"color: #515151;\" \/><br style=\"color: #515151;\" \/><span style=\"color: #515151;\">Vi\u0161ina: do1100 mm 43&#8243;<\/span><br style=\"color: #515151;\" \/><span style=\"color: #515151;\">\u0160irina: Do360 mm 14&#8243;<\/span><\/p>\n","protected":false},"excerpt":{"rendered":"<p>Montirni stroj &#8211; montirka Cormach Ligro GT<\/p>\n","protected":false},"featured_media":2229,"comment_status":"open","ping_status":"closed","template":"","meta":[],"product_brand":[86],"product_cat":[224,61],"product_tag":[66,83,82,81,80,84,85],"class_list":{"0":"post-2228","1":"product","2":"type-product","3":"status-publish","4":"has-post-thumbnail","6":"product_brand-cormach-2","7":"product_cat-avtomatske","8":"product_cat-montirka","9":"product_tag-cormach","10":"product_tag-gt","11":"product_tag-ligro","12":"product_tag-montirka","13":"product_tag-montirni-stroj","14":"product_tag-oprem-aza-vulkanizerje","15":"product_tag-premontirni-stroj","17":"first","18":"instock","19":"taxable","20":"shipping-taxable","21":"purchasable","22":"product-type-simple"},"_links":{"self":[{"href":"https:\/\/www.opremi-delavnico.si\/index.php?rest_route=\/wp\/v2\/product\/2228","targetHints":{"allow":["GET"]}}],"collection":[{"href":"https:\/\/www.opremi-delavnico.si\/index.php?rest_route=\/wp\/v2\/product"}],"about":[{"href":"https:\/\/www.opremi-delavnico.si\/index.php?rest_route=\/wp\/v2\/types\/product"}],"replies":[{"embeddable":true,"href":"https:\/\/www.opremi-delavnico.si\/index.php?rest_route=%2Fwp%2Fv2%2Fcomments&post=2228"}],"version-history":[{"count":0,"href":"https:\/\/www.opremi-delavnico.si\/index.php?rest_route=\/wp\/v2\/product\/2228\/revisions"}],"wp:featuredmedia":[{"embeddable":true,"href":"https:\/\/www.opremi-delavnico.si\/index.php?rest_route=\/wp\/v2\/media\/2229"}],"wp:attachment":[{"href":"https:\/\/www.opremi-delavnico.si\/index.php?rest_route=%2Fwp%2Fv2%2Fmedia&parent=2228"}],"wp:term":[{"taxonomy":"product_brand","embeddable":true,"href":"https:\/\/www.opremi-delavnico.si\/index.php?rest_route=%2Fwp%2Fv2%2Fproduct_brand&post=2228"},{"taxonomy":"product_cat","embeddable":true,"href":"https:\/\/www.opremi-delavnico.si\/index.php?rest_route=%2Fwp%2Fv2%2Fproduct_cat&post=2228"},{"taxonomy":"product_tag","embeddable":true,"href":"https:\/\/www.opremi-delavnico.si\/index.php?rest_route=%2Fwp%2Fv2%2Fproduct_tag&post=2228"}],"curies":[{"name":"wp","href":"https:\/\/api.w.org\/{rel}","templated":true}]}}