{"id":2244,"date":"2025-02-02T14:28:59","date_gmt":"2025-02-02T13:28:59","guid":{"rendered":"https:\/\/www.opremi-delavnico.si\/?post_type=product&#038;p=2244"},"modified":"2025-10-20T08:16:21","modified_gmt":"2025-10-20T06:16:21","slug":"montirka-puma","status":"publish","type":"product","link":"https:\/\/www.opremi-delavnico.si\/?product=montirka-puma","title":{"rendered":"Montirka PUMA"},"content":{"rendered":"<p style=\"color: #000000;\"><span class=\"Apple-style-span\"><span class=\"Apple-style-span\">Nova generacija avtomatske montirke pnevmatik omogo\u010da monta\u017eo in demonta\u017eo <strong>brez uporabe tradicionalnih ro\u010dic <\/strong>in z minimalnim naporom za izvajalca. <span style=\"color: #000000;\">Omogo\u010da delo na plati\u0161\u010dih, do 47 &#8220;premera, z vpenjalno zmogljivostjo od 12&#8243; do 30 &#8221; na obi\u010dajnih pnevmatikah, kot tudi na ekstra &#8211; nizkem profilu in Run Flat pnevmatikah.<\/span><\/span><\/span><\/p>\n<p>&nbsp;<\/p>\n<table border=\"0\" cellspacing=\"0\">\n<tbody>\n<tr>\n<td align=\"left\" width=\"86\" height=\"17\"><span class=\"Apple-style-span\"><span class=\"Apple-style-span\"><span class=\"Apple-style-span\"><span class=\"Apple-style-span\">TEHNI\u010cNI PODATKI<\/span><\/span><\/span><\/span><\/td>\n<td align=\"middle\" width=\"86\"><span class=\"Apple-style-span\"><span class=\"Apple-style-span\"><span class=\"Apple-style-span\"><span class=\"Apple-style-span\">PUMA<\/span><\/span><\/span><\/span><\/td>\n<\/tr>\n<tr>\n<td align=\"left\" bgcolor=\"#e5e5e5\" height=\"18\"><span class=\"Apple-style-span\"><span class=\"Apple-style-span\"><span class=\"Apple-style-span\"><span class=\"Apple-style-span\">Max. premer koles<\/span><\/span><\/span><\/span><\/td>\n<td align=\"middle\" bgcolor=\"#e5e5e5\"><span class=\"Apple-style-span\"><span class=\"Apple-style-span\"><span class=\"Apple-style-span\"><span class=\"Apple-style-span\">1200 mm (47 &#8220;)<\/span><\/span><\/span><\/span><\/td>\n<\/tr>\n<tr>\n<td align=\"left\" height=\"18\"><span class=\"Apple-style-span\"><span class=\"Apple-style-span\"><span class=\"Apple-style-span\"><span class=\"Apple-style-span\">Max. kolo \u0161irine<\/span><\/span><\/span><\/span><\/td>\n<td align=\"middle\"><span class=\"Apple-style-span\"><span class=\"Apple-style-span\"><span class=\"Apple-style-span\"><span class=\"Apple-style-span\">390 mm (15 &#8220;)<\/span><\/span><\/span><\/span><\/td>\n<\/tr>\n<tr>\n<td align=\"left\" bgcolor=\"#e5e5e5\" height=\"18\"><span class=\"Apple-style-span\"><span class=\"Apple-style-span\"><span class=\"Apple-style-span\"><span class=\"Apple-style-span\">Chuck zmogljivosti<\/span><\/span><\/span><\/span><\/td>\n<td align=\"middle\" bgcolor=\"#e5e5e5\"><span class=\"Apple-style-span\"><span class=\"Apple-style-span\"><span class=\"Apple-style-span\"><span class=\"Apple-style-span\">12 &#8220;- 30&#8221;<\/span><\/span><\/span><\/span><\/td>\n<\/tr>\n<tr>\n<td align=\"left\" bgcolor=\"#ffffff\" height=\"18\"><span class=\"Apple-style-span\"><span class=\"Apple-style-span\"><span class=\"Apple-style-span\"><span class=\"Apple-style-span\">Napajanje<\/span><\/span><\/span><\/span><\/td>\n<td align=\"middle\" bgcolor=\"#ffffff\"><span class=\"Apple-style-span\"><span class=\"Apple-style-span\"><span class=\"Apple-style-span\"><span class=\"Apple-style-span\">200\/230 &#8211; 1ph<\/span><\/span><\/span><\/span><\/td>\n<\/tr>\n<tr>\n<td align=\"left\" bgcolor=\"#e5e5e5\" height=\"34\"><span class=\"Apple-style-span\"><span class=\"Apple-style-span\"><span class=\"Apple-style-span\"><span class=\"Apple-style-span\">Delovni tlak<\/span><\/span><\/span><\/span><\/td>\n<td align=\"middle\" bgcolor=\"#e5e5e5\"><span class=\"Apple-style-span\"><span class=\"Apple-style-span\"><span class=\"Apple-style-span\"><span class=\"Apple-style-span\">8 -10 bar<\/span><\/span><\/span><\/span><\/td>\n<\/tr>\n<tr>\n<td align=\"left\" bgcolor=\"#ffffff\" height=\"17\"><span class=\"Apple-style-span\"><span class=\"Apple-style-span\"><span class=\"Apple-style-span\"><span class=\"Apple-style-span\">Noga breaker mo\u010di na valj<\/span><\/span><\/span><\/span><\/td>\n<td align=\"middle\" bgcolor=\"#ffffff\"><span class=\"Apple-style-span\"><span class=\"Apple-style-span\"><span class=\"Apple-style-span\"><span class=\"Apple-style-span\">775 Kg<\/span><\/span><\/span><\/span><\/td>\n<\/tr>\n<tr>\n<td align=\"left\" bgcolor=\"#e5e5e5\" height=\"18\"><span class=\"Apple-style-span\"><span class=\"Apple-style-span\"><span class=\"Apple-style-span\"><span class=\"Apple-style-span\">Max. vretena navora<\/span><\/span><\/span><\/span><\/td>\n<td align=\"middle\" bgcolor=\"#e5e5e5\"><span class=\"Apple-style-span\"><span class=\"Apple-style-span\"><span class=\"Apple-style-span\"><span class=\"Apple-style-span\">1100 Nm<\/span><\/span><\/span><\/span><\/td>\n<\/tr>\n<tr>\n<td align=\"left\" bgcolor=\"#ffffff\" height=\"18\"><span class=\"Apple-style-span\"><span class=\"Apple-style-span\"><span class=\"Apple-style-span\"><span class=\"Apple-style-span\">Dvi\u017eni zmogljivosti sistema<\/span><\/span><\/span><\/span><\/td>\n<td align=\"middle\" bgcolor=\"#ffffff\"><span class=\"Apple-style-span\"><span class=\"Apple-style-span\"><span class=\"Apple-style-span\"><span class=\"Apple-style-span\">85 kg<\/span><\/span><\/span><\/span><\/td>\n<\/tr>\n<\/tbody>\n<\/table>\n<p><span class=\"Apple-style-span\"><span class=\"Apple-style-span\"><span style=\"color: #000000;\"> <\/span><\/span><\/span><\/p>\n","protected":false},"excerpt":{"rendered":"<p>Montirni stroj Cormach PUMA<\/p>\n","protected":false},"featured_media":2245,"comment_status":"open","ping_status":"closed","template":"","meta":[],"product_brand":[86],"product_cat":[227,61],"product_tag":[66,81,80],"class_list":{"0":"post-2244","1":"product","2":"type-product","3":"status-publish","4":"has-post-thumbnail","6":"product_brand-cormach-2","7":"product_cat-polavtomatske-osebni-program","8":"product_cat-montirka","9":"product_tag-cormach","10":"product_tag-montirka","11":"product_tag-montirni-stroj","13":"first","14":"instock","15":"taxable","16":"shipping-taxable","17":"purchasable","18":"product-type-simple"},"_links":{"self":[{"href":"https:\/\/www.opremi-delavnico.si\/index.php?rest_route=\/wp\/v2\/product\/2244","targetHints":{"allow":["GET"]}}],"collection":[{"href":"https:\/\/www.opremi-delavnico.si\/index.php?rest_route=\/wp\/v2\/product"}],"about":[{"href":"https:\/\/www.opremi-delavnico.si\/index.php?rest_route=\/wp\/v2\/types\/product"}],"replies":[{"embeddable":true,"href":"https:\/\/www.opremi-delavnico.si\/index.php?rest_route=%2Fwp%2Fv2%2Fcomments&post=2244"}],"version-history":[{"count":0,"href":"https:\/\/www.opremi-delavnico.si\/index.php?rest_route=\/wp\/v2\/product\/2244\/revisions"}],"wp:featuredmedia":[{"embeddable":true,"href":"https:\/\/www.opremi-delavnico.si\/index.php?rest_route=\/wp\/v2\/media\/2245"}],"wp:attachment":[{"href":"https:\/\/www.opremi-delavnico.si\/index.php?rest_route=%2Fwp%2Fv2%2Fmedia&parent=2244"}],"wp:term":[{"taxonomy":"product_brand","embeddable":true,"href":"https:\/\/www.opremi-delavnico.si\/index.php?rest_route=%2Fwp%2Fv2%2Fproduct_brand&post=2244"},{"taxonomy":"product_cat","embeddable":true,"href":"https:\/\/www.opremi-delavnico.si\/index.php?rest_route=%2Fwp%2Fv2%2Fproduct_cat&post=2244"},{"taxonomy":"product_tag","embeddable":true,"href":"https:\/\/www.opremi-delavnico.si\/index.php?rest_route=%2Fwp%2Fv2%2Fproduct_tag&post=2244"}],"curies":[{"name":"wp","href":"https:\/\/api.w.org\/{rel}","templated":true}]}}