{"id":2260,"date":"2025-02-02T14:29:02","date_gmt":"2025-02-02T13:29:02","guid":{"rendered":"https:\/\/www.opremi-delavnico.si\/?post_type=product&#038;p=2260"},"modified":"2025-10-10T00:39:33","modified_gmt":"2025-10-09T22:39:33","slug":"naprava-za-polnjenje-klime-topauto-rr-900dual","status":"publish","type":"product","link":"https:\/\/www.opremi-delavnico.si\/?product=naprava-za-polnjenje-klime-topauto-rr-900dual","title":{"rendered":"Naprava za polnjenje klim\u2026"},"content":{"rendered":"<p><span style=\"color: #515151;\">AVTOMATSKA POLNILNA POSTAJA A\/C Certificirana in izdelana v Italiji. Znamka TOPAUTO!<\/span><br style=\"color: #515151;\" \/><a style=\"color: #0e8eab !important;\" href=\"http:\/\/www.bolha.com\/bs\/r\/PUJoZUPNTx2kTSSOvcL4xWz4bCSmr-0O_0zWqrOPy7kkUPrMGJjiDRBhVQGA?adId=1293281944&amp;dst=external&amp;source=adDetail&amp;action=toURL&amp;target=external&amp;redirectFrom=http:\/\/www.bolha.com:80\/poslovna-oprema\/avtomehanicna-oprema\/naprava-za-polnjenje-klime-topauto-rr500-r1234yf-1293281944.html?aclct=1399815506&amp;ts=1408612404\" target=\"_blank\" rel=\"external nofollow noopener\">http:\/\/www.topauto-equipment.com\/en\/<\/a><br style=\"color: #515151;\" \/><br style=\"color: #515151;\" \/><span style=\"color: #515151;\">Popolnoma avtomatska <\/span><span style=\"color: #515151;\">A\/C postaja <\/span><span style=\"color: #515151;\">za prevozna sredstva s klimatsko napravo s plinom r134a. Mo\u017enost tudi plina f1234yf.<\/span><br style=\"color: #515151;\" \/><br style=\"color: #515151;\" \/><span style=\"color: #515151;\">Tehni\u010dne lastnosti:<\/span><br style=\"color: #515151;\" \/><span style=\"color: #515151;\">Alfanumeri\u010dni zaslon: Da<\/span><br style=\"color: #515151;\" \/><span style=\"color: #515151;\">Vakumska \u010drpalka: 100lt\/1m<\/span><br style=\"color: #515151;\" \/><span style=\"color: #515151;\">Kapaciteta notranje jeklenke: 2&#215;12.5Kg<\/span><br style=\"color: #515151;\" \/><span style=\"color: #515151;\">Gretje: Avtomatsko<\/span><br style=\"color: #515151;\" \/><span style=\"color: #515151;\">Kapaciteta kompresorja: 400gr\/1m<\/span><br style=\"color: #515151;\" \/><br style=\"color: #515151;\" \/><span style=\"color: #515151;\">Avtomatske funkcije, program:<\/span><br style=\"color: #515151;\" \/><span style=\"color: #515151;\">Obnovitev: Avtomatsko<\/span><br style=\"color: #515151;\" \/><span style=\"color: #515151;\">Iz\u010drpavanje olja: Avtomatsko<\/span><br style=\"color: #515151;\" \/><span style=\"color: #515151;\">Programerljiv tlak: Avtomatsko<\/span><br style=\"color: #515151;\" \/><span style=\"color: #515151;\">Programerljiv vakum test: Avtomatsko<\/span><br style=\"color: #515151;\" \/><span style=\"color: #515151;\">Vbrizgavanje olja: Po lestvici<\/span><br style=\"color: #515151;\" \/><span style=\"color: #515151;\">Vbrizgavanje aditiva: Po lestvici<\/span><br style=\"color: #515151;\" \/><span style=\"color: #515151;\">Polnjenje plina: Avtomatsko<\/span><br style=\"color: #515151;\" \/><span style=\"color: #515151;\">Jezik: 18 jezikov<\/span><br style=\"color: #515151;\" \/><span style=\"color: #515151;\">Baza vozil: Da<\/span><br style=\"color: #515151;\" \/><span style=\"color: #515151;\">Program za izpiranje sistema: Da<\/span><br style=\"color: #515151;\" \/><span style=\"color: #515151;\">Recikla\u017ea izpiranje (vw): ro\u010dno<\/span><br style=\"color: #515151;\" \/><span style=\"color: #515151;\">Izbira napajalne cevi: Ro\u010dno, avtomatsko<\/span><br style=\"color: #515151;\" \/><span style=\"color: #515151;\">Program notranje \u010di\u0161\u010denje: Da<\/span><br style=\"color: #515151;\" \/><span style=\"color: #515151;\">Statistika plina in olja: Da<\/span><br style=\"color: #515151;\" \/><span style=\"color: #515151;\">Masa: 110Kg<\/span><\/p>\n","protected":false},"excerpt":{"rendered":"<p>Vrhunska naprava za polnenje avtomobilskih klimatskih naprav znamke Topauto<\/p>\n","protected":false},"featured_media":2261,"comment_status":"open","ping_status":"closed","template":"","meta":[],"product_brand":[92],"product_cat":[57],"product_tag":[111,109,110],"class_list":{"0":"post-2260","1":"product","2":"type-product","3":"status-publish","4":"has-post-thumbnail","6":"product_brand-topauto","7":"product_cat-naprave-za-polnenje-klime","8":"product_tag-naprava-za-polnenje-avtoklime","9":"product_tag-polnenje-klimatske-naprave","10":"product_tag-topauto-2","12":"first","13":"instock","14":"taxable","15":"shipping-taxable","16":"purchasable","17":"product-type-simple"},"_links":{"self":[{"href":"https:\/\/www.opremi-delavnico.si\/index.php?rest_route=\/wp\/v2\/product\/2260","targetHints":{"allow":["GET"]}}],"collection":[{"href":"https:\/\/www.opremi-delavnico.si\/index.php?rest_route=\/wp\/v2\/product"}],"about":[{"href":"https:\/\/www.opremi-delavnico.si\/index.php?rest_route=\/wp\/v2\/types\/product"}],"replies":[{"embeddable":true,"href":"https:\/\/www.opremi-delavnico.si\/index.php?rest_route=%2Fwp%2Fv2%2Fcomments&post=2260"}],"version-history":[{"count":0,"href":"https:\/\/www.opremi-delavnico.si\/index.php?rest_route=\/wp\/v2\/product\/2260\/revisions"}],"wp:featuredmedia":[{"embeddable":true,"href":"https:\/\/www.opremi-delavnico.si\/index.php?rest_route=\/wp\/v2\/media\/2261"}],"wp:attachment":[{"href":"https:\/\/www.opremi-delavnico.si\/index.php?rest_route=%2Fwp%2Fv2%2Fmedia&parent=2260"}],"wp:term":[{"taxonomy":"product_brand","embeddable":true,"href":"https:\/\/www.opremi-delavnico.si\/index.php?rest_route=%2Fwp%2Fv2%2Fproduct_brand&post=2260"},{"taxonomy":"product_cat","embeddable":true,"href":"https:\/\/www.opremi-delavnico.si\/index.php?rest_route=%2Fwp%2Fv2%2Fproduct_cat&post=2260"},{"taxonomy":"product_tag","embeddable":true,"href":"https:\/\/www.opremi-delavnico.si\/index.php?rest_route=%2Fwp%2Fv2%2Fproduct_tag&post=2260"}],"curies":[{"name":"wp","href":"https:\/\/api.w.org\/{rel}","templated":true}]}}