{"id":2274,"date":"2025-02-02T14:29:04","date_gmt":"2025-02-02T13:29:04","guid":{"rendered":"https:\/\/www.opremi-delavnico.si\/?post_type=product&#038;p=2274"},"modified":"2025-12-03T12:04:03","modified_gmt":"2025-12-03T11:04:03","slug":"3d-optika-za-nastavitev-podvozja-pit-version","status":"publish","type":"product","link":"https:\/\/www.opremi-delavnico.si\/?product=3d-optika-za-nastavitev-podvozja-pit-version","title":{"rendered":"3D optika za nastavitev p\u2026"},"content":{"rendered":"<p><span style=\"color: #515151;\">Vrhunska 3D optika.<\/span><br style=\"color: #515151;\" \/><br style=\"color: #515151;\" \/><span style=\"color: #515151;\">Prednost 3D optike pred navadno optiko:<\/span><br style=\"color: #515151;\" \/><span style=\"color: #515151;\">-ve\u010dja natan\u010dnost<\/span><br style=\"color: #515151;\" \/><span style=\"color: #515151;\">-hitrej\u0161e delovanje<\/span><br style=\"color: #515151;\" \/><span style=\"color: #515151;\">-ker ima namesto senzorjev na kolesa name\u0161\u010dene plo\u0161\u010de, je manj\u0161a mo\u017enost za po\u0161kodovanje oz. motenj v delovanju.<\/span><br style=\"color: #515151;\" \/><br style=\"color: #515151;\" \/><span style=\"color: #515151;\">model foX 3D AUTOBOOM:<\/span><br style=\"color: #515151;\" \/><br style=\"color: #515151;\" \/><span style=\"color: #515151;\">Vision based 3D OPTIKA je popolnoma avtomatska. Sistem<\/span><br style=\"color: #515151;\" \/><span style=\"color: #515151;\">laserjev sledi premikanju vozila oziroma dvigala. Primerna za<\/span><br style=\"color: #515151;\" \/><span style=\"color: #515151;\">uporabo na osebnih in lahkih gospodarskih vozilih.. Uporaba<\/span><br style=\"color: #515151;\" \/><span style=\"color: #515151;\">je omogo\u010dena na 4 stebernem dvigalu, kanalu ali dvojnem<\/span><br style=\"color: #515151;\" \/><span style=\"color: #515151;\">\u0161karjastem dvigalu.<\/span><br style=\"color: #515151;\" \/><span style=\"color: #515151;\">&#8211; Komplet ne vsebuje PC, Monitor, tipkovnica, mi\u0161ka &amp;<\/span><br style=\"color: #515151;\" \/><span style=\"color: #515151;\">Windows 7 programska oprema.<\/span><br style=\"color: #515151;\" \/><br style=\"color: #515151;\" \/><span style=\"color: #515151;\">Vision based 3D OPTIKA. Model pit je namenjen za opravljanje<\/span><br style=\"color: #515151;\" \/><span style=\"color: #515151;\">optike pri uporabi kanala, pri \u010demer je vozilo ves \u010das na tleh, in<\/span><br style=\"color: #515151;\" \/><span style=\"color: #515151;\">se le-tega ne premika.<\/span><br style=\"color: #515151;\" \/><br style=\"color: #515151;\" \/><span style=\"color: #515151;\">PRINCIP DELOVANJA:<\/span><br style=\"color: #515151;\" \/><a style=\"color: #0e8eab !important;\" href=\"http:\/\/www.bolha.com\/bs\/r\/PUJoZUMgLfMP3elonvzqWfr_iywg9fzJjOM5Vez_fFzPUMF0314D2on2SNmQtDKKM4p9fH4.?adId=1293177952&amp;dst=external&amp;source=adDetail&amp;action=toURL&amp;target=external&amp;redirectFrom=http:\/\/www.bolha.com:80\/poslovna-oprema\/avtomehanicna-oprema\/3d-optika-za-nastavitev-podvozja-pit-version-1293177952.html?aclct=1399110691&amp;ts=1408614410\" target=\"_blank\" rel=\"external nofollow noopener\">https:\/\/www.youtube.com\/watch?v=evL9CJ8EzzI<\/a><\/p>\n","protected":false},"excerpt":{"rendered":"<p><span style=\"color: #515151;\">Vrhunska 3D optika.<\/span><\/p>\n","protected":false},"featured_media":2275,"comment_status":"open","ping_status":"closed","template":"","meta":[],"product_brand":[88],"product_cat":[56],"product_tag":[119,118,121,124,120,123,122],"class_list":{"0":"post-2274","1":"product","2":"type-product","3":"status-publish","4":"has-post-thumbnail","6":"product_brand-manatec","7":"product_cat-avtooptika","8":"product_tag-3d-nastavitev-podvozja","9":"product_tag-3d-optika","10":"product_tag-manatec-optikaa","11":"product_tag-naprava-za-avtooptiko","12":"product_tag-naprava-za-nastavitev-podvozja","13":"product_tag-nastavitev-avto-optike","14":"product_tag-vtooptika","16":"first","17":"instock","18":"taxable","19":"shipping-taxable","20":"purchasable","21":"product-type-simple"},"_links":{"self":[{"href":"https:\/\/www.opremi-delavnico.si\/index.php?rest_route=\/wp\/v2\/product\/2274","targetHints":{"allow":["GET"]}}],"collection":[{"href":"https:\/\/www.opremi-delavnico.si\/index.php?rest_route=\/wp\/v2\/product"}],"about":[{"href":"https:\/\/www.opremi-delavnico.si\/index.php?rest_route=\/wp\/v2\/types\/product"}],"replies":[{"embeddable":true,"href":"https:\/\/www.opremi-delavnico.si\/index.php?rest_route=%2Fwp%2Fv2%2Fcomments&post=2274"}],"version-history":[{"count":0,"href":"https:\/\/www.opremi-delavnico.si\/index.php?rest_route=\/wp\/v2\/product\/2274\/revisions"}],"wp:featuredmedia":[{"embeddable":true,"href":"https:\/\/www.opremi-delavnico.si\/index.php?rest_route=\/wp\/v2\/media\/2275"}],"wp:attachment":[{"href":"https:\/\/www.opremi-delavnico.si\/index.php?rest_route=%2Fwp%2Fv2%2Fmedia&parent=2274"}],"wp:term":[{"taxonomy":"product_brand","embeddable":true,"href":"https:\/\/www.opremi-delavnico.si\/index.php?rest_route=%2Fwp%2Fv2%2Fproduct_brand&post=2274"},{"taxonomy":"product_cat","embeddable":true,"href":"https:\/\/www.opremi-delavnico.si\/index.php?rest_route=%2Fwp%2Fv2%2Fproduct_cat&post=2274"},{"taxonomy":"product_tag","embeddable":true,"href":"https:\/\/www.opremi-delavnico.si\/index.php?rest_route=%2Fwp%2Fv2%2Fproduct_tag&post=2274"}],"curies":[{"name":"wp","href":"https:\/\/api.w.org\/{rel}","templated":true}]}}