{"id":2276,"date":"2025-02-02T14:29:06","date_gmt":"2025-02-02T13:29:06","guid":{"rendered":"https:\/\/www.opremi-delavnico.si\/?post_type=product&#038;p=2276"},"modified":"2025-12-29T23:12:48","modified_gmt":"2025-12-29T22:12:48","slug":"2276","status":"publish","type":"product","link":"https:\/\/www.opremi-delavnico.si\/?product=2276","title":{"rendered":"3D optika za nastavitev p\u2026"},"content":{"rendered":"<p><span style=\"color: #515151;\">Vrhunska 3D optika.<\/span><br style=\"color: #515151;\" \/><br style=\"color: #515151;\" \/><span style=\"color: #515151;\">Prednost 3D optike pred navadno optiko:<\/span><br style=\"color: #515151;\" \/><span style=\"color: #515151;\">-ve\u010dja natan\u010dnost<\/span><br style=\"color: #515151;\" \/><span style=\"color: #515151;\">-hitrej\u0161e delovanje<\/span><br style=\"color: #515151;\" \/><span style=\"color: #515151;\">-ker ima namesto senzorjev na kolesa name\u0161\u010dene plo\u0161\u010de, je manj\u0161a mo\u017enost za po\u0161kodovanje oz. motenj v delovanju.<\/span><br style=\"color: #515151;\" \/><br style=\"color: #515151;\" \/><span style=\"color: #515151;\">model foX 3D LIFT VERSION:<\/span><br style=\"color: #515151;\" \/><br style=\"color: #515151;\" \/><span style=\"color: #515151;\">Vision based 3D OPTIKA<\/span><br style=\"color: #515151;\" \/><span style=\"color: #515151;\">Vision based 3D visoka zmogljiva in zanesljiva optika. Kamere<\/span><br style=\"color: #515151;\" \/><span style=\"color: #515151;\">in senzorji so stati\u010dni, zato premikanje vozila med izvedbo optike<\/span><br style=\"color: #515151;\" \/><span style=\"color: #515151;\">ni mogo\u010da! Namenjeno za izvajanje optike na osebnih ter lahkih<\/span><br style=\"color: #515151;\" \/><span style=\"color: #515151;\">gospodarskih vozilih. Uporaba je omogo\u010dena na 4 stebernem<\/span><br style=\"color: #515151;\" \/><span style=\"color: #515151;\">dvigalu, kanalu ali dvojnem \u0161karjastem dvigalu<\/span><br style=\"color: #515151;\" \/><br style=\"color: #515151;\" \/><span style=\"color: #515151;\">PRINCIP DELOVANJA:<\/span><br style=\"color: #515151;\" \/><a style=\"color: #0e8eab !important;\" href=\"http:\/\/www.bolha.com\/bs\/r\/PUJoZUMgLfMP3elonvzqWfr_iywg9fzJjOM5Vez_fFzPUMF0314D2on2SNmQtDKKM4p9fH4.?adId=1293177914&amp;dst=external&amp;source=adDetail&amp;action=toURL&amp;target=external&amp;redirectFrom=http:\/\/www.bolha.com:80\/poslovna-oprema\/avtomehanicna-oprema\/3d-optika-za-nastavitev-podvozja-lift-version-1293177914.html?aclct=1399110584&amp;ts=1408614411\" target=\"_blank\" rel=\"external nofollow noopener\">https:\/\/www.youtube.com\/watch?v=evL9CJ8EzzI<\/a><\/p>\n","protected":false},"excerpt":{"rendered":"<p><span style=\"color: #515151;\">Vrhunska 3D optika.<\/span><\/p>\n","protected":false},"featured_media":2277,"comment_status":"open","ping_status":"closed","template":"","meta":[],"product_brand":[88],"product_cat":[56],"product_tag":[128,126,118,101,127,125],"class_list":{"0":"post-2276","1":"product","2":"type-product","3":"status-publish","4":"has-post-thumbnail","6":"product_brand-manatec","7":"product_cat-avtooptika","8":"product_tag-3d-avtooptika","9":"product_tag-3d-nastavitev-optike","10":"product_tag-3d-optika","11":"product_tag-manatec-2","12":"product_tag-naprava-za-nastavitev-avtooptike","13":"product_tag-naprava-za-nastavitev-optike3","15":"first","16":"instock","17":"taxable","18":"shipping-taxable","19":"purchasable","20":"product-type-simple"},"_links":{"self":[{"href":"https:\/\/www.opremi-delavnico.si\/index.php?rest_route=\/wp\/v2\/product\/2276","targetHints":{"allow":["GET"]}}],"collection":[{"href":"https:\/\/www.opremi-delavnico.si\/index.php?rest_route=\/wp\/v2\/product"}],"about":[{"href":"https:\/\/www.opremi-delavnico.si\/index.php?rest_route=\/wp\/v2\/types\/product"}],"replies":[{"embeddable":true,"href":"https:\/\/www.opremi-delavnico.si\/index.php?rest_route=%2Fwp%2Fv2%2Fcomments&post=2276"}],"version-history":[{"count":0,"href":"https:\/\/www.opremi-delavnico.si\/index.php?rest_route=\/wp\/v2\/product\/2276\/revisions"}],"wp:featuredmedia":[{"embeddable":true,"href":"https:\/\/www.opremi-delavnico.si\/index.php?rest_route=\/wp\/v2\/media\/2277"}],"wp:attachment":[{"href":"https:\/\/www.opremi-delavnico.si\/index.php?rest_route=%2Fwp%2Fv2%2Fmedia&parent=2276"}],"wp:term":[{"taxonomy":"product_brand","embeddable":true,"href":"https:\/\/www.opremi-delavnico.si\/index.php?rest_route=%2Fwp%2Fv2%2Fproduct_brand&post=2276"},{"taxonomy":"product_cat","embeddable":true,"href":"https:\/\/www.opremi-delavnico.si\/index.php?rest_route=%2Fwp%2Fv2%2Fproduct_cat&post=2276"},{"taxonomy":"product_tag","embeddable":true,"href":"https:\/\/www.opremi-delavnico.si\/index.php?rest_route=%2Fwp%2Fv2%2Fproduct_tag&post=2276"}],"curies":[{"name":"wp","href":"https:\/\/api.w.org\/{rel}","templated":true}]}}