{"id":2299,"date":"2025-02-02T14:29:07","date_gmt":"2025-02-02T13:29:07","guid":{"rendered":"https:\/\/www.opremi-delavnico.si\/izdelek\/hidravlicna-stiskalnica-presa-20t\/"},"modified":"2025-12-03T12:04:23","modified_gmt":"2025-12-03T11:04:23","slug":"hidravlicna-stiskalnica-presa-20t","status":"publish","type":"product","link":"https:\/\/www.opremi-delavnico.si\/?product=hidravlicna-stiskalnica-presa-20t","title":{"rendered":"Hidravli\u010dna stiskalnica \u2026"},"content":{"rendered":"<p><span style=\"color: #515151;\">Vrhunska pre\u0161a italijanske znamke APAC-pionir v dvi\u017eni tehniki in hidravli\u010dnem orodju.<\/span><br style=\"color: #515151;\" \/><br style=\"color: #515151;\" \/><span style=\"color: #515151;\">MODEL:1654B<\/span><br style=\"color: #515151;\" \/><span style=\"color: #515151;\">Premikanje cilindra levo in desno!<\/span><br style=\"color: #515151;\" \/><br style=\"color: #515151;\" \/><span style=\"color: #515151;\">DIMENZIJE si lahko pogledate na sliki.<\/span><\/p>\n<p>Dimenzije<\/p>\n<p><a href=\"https:\/\/www.opremi-delavnico.si\/wp-content\/uploads\/2014\/08\/da1651Ba1658B-tab_897_1.jpg\"><img decoding=\"async\" class=\"alignnone size-medium wp-image-2296\" src=\"https:\/\/www.opremi-delavnico.si\/wp-content\/uploads\/2014\/08\/da1651Ba1658B-tab_897_1-300x137.jpg\" alt=\"da1651Ba1658B-tab_897_1\" width=\"300\" height=\"137\" srcset=\"https:\/\/www.opremi-delavnico.si\/wp-content\/uploads\/2014\/08\/da1651Ba1658B-tab_897_1-300x138.jpg 300w, https:\/\/www.opremi-delavnico.si\/wp-content\/uploads\/2014\/08\/da1651Ba1658B-tab_897_1-430x198.jpg 430w, https:\/\/www.opremi-delavnico.si\/wp-content\/uploads\/2014\/08\/da1651Ba1658B-tab_897_1-150x69.jpg 150w, https:\/\/www.opremi-delavnico.si\/wp-content\/uploads\/2014\/08\/da1651Ba1658B-tab_897_1-700x322.jpg 700w, https:\/\/www.opremi-delavnico.si\/wp-content\/uploads\/2014\/08\/da1651Ba1658B-tab_897_1.jpg 920w\" sizes=\"(max-width: 300px) 100vw, 300px\" \/><\/a><\/p>\n","protected":false},"excerpt":{"rendered":"<p>20-tonska pre\u0161a<\/p>\n","protected":false},"featured_media":2294,"comment_status":"open","ping_status":"closed","template":"","meta":[],"product_brand":[89],"product_cat":[97],"product_tag":[153,151,145,143,144,152],"class_list":{"0":"post-2299","1":"product","2":"type-product","3":"status-publish","4":"has-post-thumbnail","6":"product_brand-apac","7":"product_cat-hidravlicne-stiskalnice-prese","8":"product_tag-20-ton","9":"product_tag-20-tonska-presa","10":"product_tag-apac-2","11":"product_tag-hidravlicna-stiskalnica","12":"product_tag-presa","13":"product_tag-presa-20-ton","15":"first","16":"instock","17":"taxable","18":"shipping-taxable","19":"purchasable","20":"product-type-simple"},"_links":{"self":[{"href":"https:\/\/www.opremi-delavnico.si\/index.php?rest_route=\/wp\/v2\/product\/2299","targetHints":{"allow":["GET"]}}],"collection":[{"href":"https:\/\/www.opremi-delavnico.si\/index.php?rest_route=\/wp\/v2\/product"}],"about":[{"href":"https:\/\/www.opremi-delavnico.si\/index.php?rest_route=\/wp\/v2\/types\/product"}],"replies":[{"embeddable":true,"href":"https:\/\/www.opremi-delavnico.si\/index.php?rest_route=%2Fwp%2Fv2%2Fcomments&post=2299"}],"version-history":[{"count":0,"href":"https:\/\/www.opremi-delavnico.si\/index.php?rest_route=\/wp\/v2\/product\/2299\/revisions"}],"wp:featuredmedia":[{"embeddable":true,"href":"https:\/\/www.opremi-delavnico.si\/index.php?rest_route=\/wp\/v2\/media\/2294"}],"wp:attachment":[{"href":"https:\/\/www.opremi-delavnico.si\/index.php?rest_route=%2Fwp%2Fv2%2Fmedia&parent=2299"}],"wp:term":[{"taxonomy":"product_brand","embeddable":true,"href":"https:\/\/www.opremi-delavnico.si\/index.php?rest_route=%2Fwp%2Fv2%2Fproduct_brand&post=2299"},{"taxonomy":"product_cat","embeddable":true,"href":"https:\/\/www.opremi-delavnico.si\/index.php?rest_route=%2Fwp%2Fv2%2Fproduct_cat&post=2299"},{"taxonomy":"product_tag","embeddable":true,"href":"https:\/\/www.opremi-delavnico.si\/index.php?rest_route=%2Fwp%2Fv2%2Fproduct_tag&post=2299"}],"curies":[{"name":"wp","href":"https:\/\/api.w.org\/{rel}","templated":true}]}}