{"id":2680,"date":"2025-02-02T14:29:28","date_gmt":"2025-02-02T13:29:28","guid":{"rendered":"https:\/\/www.opremi-delavnico.si\/?post_type=product&#038;p=2680"},"modified":"2025-02-02T14:29:28","modified_gmt":"2025-02-02T13:29:28","slug":"sirion-pro-eco-air-centrirni-stroj","status":"publish","type":"product","link":"https:\/\/www.opremi-delavnico.si\/?product=sirion-pro-eco-air-centrirni-stroj","title":{"rendered":"SIRION PRO ECO AIR CENTRI\u2026"},"content":{"rendered":"<p>Centrirni stroj siron pro s plus air priznanega proizvajalca Messmatic.<\/p>\n<p>-19&#8243; pal\u010dni monitor<br \/>\n-pnevmatsko vpetje<br \/>\n-laser, ki poka\u017ee lokacijo ute\u017ei<br \/>\n-avtomatska zaustavitev na to\u010dki ute\u017ei<br \/>\n-program skrivanja ute\u017ei<br \/>\n-avtomatski vnos \u0161irine plati\u0161\u010da s pomo\u010djo sonarja<br \/>\n-avtomatski vnos oddaljenosti in premera s pomo\u010djo tipala<\/p>\n<p>Izredno enostaven meni za izbiro in delovanje.<\/p>\n<p>https:\/\/www.teknikbalans.com.tr\/en\/products\/automotive\/wheel-balancers\/cars\/mess-matic-sirion-pro-eco\/<\/p>\n<p><iframe title=\"YEN\u0130 MODEL SAB\u0130T BALANS MAK\u0130NES\u0130 - SIRION PRO\/S PLUS\" width=\"500\" height=\"281\" src=\"https:\/\/www.youtube.com\/embed\/yKT_hxQTT-8?feature=oembed\" frameborder=\"0\" allow=\"accelerometer; autoplay; clipboard-write; encrypted-media; gyroscope; picture-in-picture; web-share\" referrerpolicy=\"strict-origin-when-cross-origin\" allowfullscreen><\/iframe><\/p>\n","protected":false},"excerpt":{"rendered":"<p>Centrirni stroj siron pro s plus air priznanega proizvajalca Messmatic. -19&#8243; pal\u010dni monitor -pnevmatsko vpetje -laser, ki poka\u017ee lokacijo ute\u017ei<\/p>\n","protected":false},"featured_media":2682,"comment_status":"open","ping_status":"closed","template":"","meta":[],"product_brand":[],"product_cat":[60],"product_tag":[],"class_list":{"0":"post-2680","1":"product","2":"type-product","3":"status-publish","4":"has-post-thumbnail","6":"product_cat-centrirka","8":"first","9":"instock","10":"purchasable","11":"product-type-simple"},"_links":{"self":[{"href":"https:\/\/www.opremi-delavnico.si\/index.php?rest_route=\/wp\/v2\/product\/2680","targetHints":{"allow":["GET"]}}],"collection":[{"href":"https:\/\/www.opremi-delavnico.si\/index.php?rest_route=\/wp\/v2\/product"}],"about":[{"href":"https:\/\/www.opremi-delavnico.si\/index.php?rest_route=\/wp\/v2\/types\/product"}],"replies":[{"embeddable":true,"href":"https:\/\/www.opremi-delavnico.si\/index.php?rest_route=%2Fwp%2Fv2%2Fcomments&post=2680"}],"version-history":[{"count":0,"href":"https:\/\/www.opremi-delavnico.si\/index.php?rest_route=\/wp\/v2\/product\/2680\/revisions"}],"wp:featuredmedia":[{"embeddable":true,"href":"https:\/\/www.opremi-delavnico.si\/index.php?rest_route=\/wp\/v2\/media\/2682"}],"wp:attachment":[{"href":"https:\/\/www.opremi-delavnico.si\/index.php?rest_route=%2Fwp%2Fv2%2Fmedia&parent=2680"}],"wp:term":[{"taxonomy":"product_brand","embeddable":true,"href":"https:\/\/www.opremi-delavnico.si\/index.php?rest_route=%2Fwp%2Fv2%2Fproduct_brand&post=2680"},{"taxonomy":"product_cat","embeddable":true,"href":"https:\/\/www.opremi-delavnico.si\/index.php?rest_route=%2Fwp%2Fv2%2Fproduct_cat&post=2680"},{"taxonomy":"product_tag","embeddable":true,"href":"https:\/\/www.opremi-delavnico.si\/index.php?rest_route=%2Fwp%2Fv2%2Fproduct_tag&post=2680"}],"curies":[{"name":"wp","href":"https:\/\/api.w.org\/{rel}","templated":true}]}}