{"id":2683,"date":"2025-02-02T14:29:29","date_gmt":"2025-02-02T13:29:29","guid":{"rendered":"https:\/\/www.opremi-delavnico.si\/?post_type=product&#038;p=2683"},"modified":"2025-12-29T23:13:39","modified_gmt":"2025-12-29T22:13:39","slug":"sirion-plus-air-centrirni-stroj","status":"publish","type":"product","link":"https:\/\/www.opremi-delavnico.si\/?product=sirion-plus-air-centrirni-stroj","title":{"rendered":"SIRION PLUS AIR CENTRIRNI\u2026"},"content":{"rendered":"<p>Centrirni stroj siron pro s plus air priznanega proizvajalca Messmatic.<\/p>\n<p>-19 pal\u010dni monitor<br \/>\n-pnevmatsko vpetje<br \/>\n-program skrivanja ute\u017ei<br \/>\n-avtomatski vnos \u0161irine plati\u0161\u010da s pomo\u010djo sonarja<br \/>\n-avtomatski vnos oddaljenosti in premera s pomo\u010djo tipala<\/p>\n<p>Izredno enostaven meni za izbiro in delovanje.<\/p>\n","protected":false},"excerpt":{"rendered":"<p>Centrirni stroj siron pro s plus air priznanega proizvajalca Messmatic. -19 pal\u010dni monitor -pnevmatsko vpetje -program skrivanja ute\u017ei -avtomatski vnos<\/p>\n","protected":false},"featured_media":2684,"comment_status":"open","ping_status":"closed","template":"","meta":[],"product_brand":[],"product_cat":[60],"product_tag":[],"class_list":{"0":"post-2683","1":"product","2":"type-product","3":"status-publish","4":"has-post-thumbnail","6":"product_cat-centrirka","8":"first","9":"instock","10":"purchasable","11":"product-type-simple"},"_links":{"self":[{"href":"https:\/\/www.opremi-delavnico.si\/index.php?rest_route=\/wp\/v2\/product\/2683","targetHints":{"allow":["GET"]}}],"collection":[{"href":"https:\/\/www.opremi-delavnico.si\/index.php?rest_route=\/wp\/v2\/product"}],"about":[{"href":"https:\/\/www.opremi-delavnico.si\/index.php?rest_route=\/wp\/v2\/types\/product"}],"replies":[{"embeddable":true,"href":"https:\/\/www.opremi-delavnico.si\/index.php?rest_route=%2Fwp%2Fv2%2Fcomments&post=2683"}],"version-history":[{"count":0,"href":"https:\/\/www.opremi-delavnico.si\/index.php?rest_route=\/wp\/v2\/product\/2683\/revisions"}],"wp:featuredmedia":[{"embeddable":true,"href":"https:\/\/www.opremi-delavnico.si\/index.php?rest_route=\/wp\/v2\/media\/2684"}],"wp:attachment":[{"href":"https:\/\/www.opremi-delavnico.si\/index.php?rest_route=%2Fwp%2Fv2%2Fmedia&parent=2683"}],"wp:term":[{"taxonomy":"product_brand","embeddable":true,"href":"https:\/\/www.opremi-delavnico.si\/index.php?rest_route=%2Fwp%2Fv2%2Fproduct_brand&post=2683"},{"taxonomy":"product_cat","embeddable":true,"href":"https:\/\/www.opremi-delavnico.si\/index.php?rest_route=%2Fwp%2Fv2%2Fproduct_cat&post=2683"},{"taxonomy":"product_tag","embeddable":true,"href":"https:\/\/www.opremi-delavnico.si\/index.php?rest_route=%2Fwp%2Fv2%2Fproduct_tag&post=2683"}],"curies":[{"name":"wp","href":"https:\/\/api.w.org\/{rel}","templated":true}]}}